{"id":14,"date":"2022-06-27T10:28:22","date_gmt":"2022-06-27T10:28:22","guid":{"rendered":"https:\/\/ferienwohnung-deiningen.de\/?page_id=14"},"modified":"2022-10-27T07:54:29","modified_gmt":"2022-10-27T07:54:29","slug":"fewo-margit","status":"publish","type":"page","link":"https:\/\/ferienwohnung-deiningen.de\/?page_id=14","title":{"rendered":"FeWo Margit"},"content":{"rendered":"\n<p><\/p>\n\n\n\n<p style=\"font-style:normal;font-weight:700\">Die Ferienwohnung Margit befindet sich im Obergescho\u00df eines Zweifamilienhauses.<\/p>\n\n\n\n<p style=\"font-style:normal;font-weight:700\">Es stehen Ihnen ca. 90 m\u00b2  mit 3 Schlafr\u00e4umen zur Verf\u00fcgung.   Eine Bewertung mit 3 Sternen garantiert Komfort.<\/p>\n\n\n\n<p style=\"font-style:normal;font-weight:700\">Freies WLAN steht nat\u00fcrlich zur Verf\u00fcgung.<\/p>\n\n\n\n<p style=\"font-style:normal;font-weight:700\">Die Wohnung ist komplett f\u00fcr bis zu 6 Personen ausgestattet und l\u00e4sst keine W\u00fcnsche \u00fcbrig.<\/p>\n\n\n\n<p style=\"font-style:normal;font-weight:700\"><\/p>\n\n\n\n<div class=\"wp-container-4 wp-block-columns\">\n<div class=\"wp-container-1 wp-block-column\" style=\"flex-basis:25%\">\n<figure class=\"wp-block-image size-large is-resized\"><img loading=\"lazy\" src=\"https:\/\/ferienwohnung-deiningen.de\/wp-content\/uploads\/2022\/06\/Sterne-1024x683.jpg\" alt=\"\" class=\"wp-image-112\" width=\"246\" height=\"164\" srcset=\"https:\/\/ferienwohnung-deiningen.de\/wp-content\/uploads\/2022\/06\/Sterne-1024x683.jpg 1024w, https:\/\/ferienwohnung-deiningen.de\/wp-content\/uploads\/2022\/06\/Sterne-300x200.jpg 300w, https:\/\/ferienwohnung-deiningen.de\/wp-content\/uploads\/2022\/06\/Sterne-768x513.jpg 768w, https:\/\/ferienwohnung-deiningen.de\/wp-content\/uploads\/2022\/06\/Sterne-1536x1025.jpg 1536w, https:\/\/ferienwohnung-deiningen.de\/wp-content\/uploads\/2022\/06\/Sterne-2048x1367.jpg 2048w, https:\/\/ferienwohnung-deiningen.de\/wp-content\/uploads\/2022\/06\/Sterne-700x465.jpg 700w, https:\/\/ferienwohnung-deiningen.de\/wp-content\/uploads\/2022\/06\/Sterne-scaled-600x400.jpg 600w\" sizes=\"(max-width: 246px) 100vw, 246px\" \/><\/figure>\n<\/div>\n\n\n\n<div class=\"wp-container-2 wp-block-column\" style=\"flex-basis:50%\">\n<figure class=\"wp-block-image size-large\"><img loading=\"lazy\" width=\"1024\" height=\"683\" src=\"https:\/\/ferienwohnung-deiningen.de\/wp-content\/uploads\/2022\/06\/Haus_Rahmen2_2018-1-1024x683.jpg\" alt=\"\" class=\"wp-image-111\" srcset=\"https:\/\/ferienwohnung-deiningen.de\/wp-content\/uploads\/2022\/06\/Haus_Rahmen2_2018-1-1024x683.jpg 1024w, https:\/\/ferienwohnung-deiningen.de\/wp-content\/uploads\/2022\/06\/Haus_Rahmen2_2018-1-300x200.jpg 300w, https:\/\/ferienwohnung-deiningen.de\/wp-content\/uploads\/2022\/06\/Haus_Rahmen2_2018-1-768x512.jpg 768w, https:\/\/ferienwohnung-deiningen.de\/wp-content\/uploads\/2022\/06\/Haus_Rahmen2_2018-1-600x400.jpg 600w, https:\/\/ferienwohnung-deiningen.de\/wp-content\/uploads\/2022\/06\/Haus_Rahmen2_2018-1.jpg 1500w\" sizes=\"(max-width: 1024px) 100vw, 1024px\" \/><\/figure>\n<\/div>\n\n\n\n<div class=\"wp-container-3 wp-block-column\" style=\"flex-basis:25%\">\n<figure class=\"wp-block-image size-full is-resized\"><img loading=\"lazy\" src=\"https:\/\/ferienwohnung-deiningen.de\/wp-content\/uploads\/2022\/06\/wlan.png\" alt=\"\" class=\"wp-image-178\" width=\"174\" height=\"174\" srcset=\"https:\/\/ferienwohnung-deiningen.de\/wp-content\/uploads\/2022\/06\/wlan.png 225w, https:\/\/ferienwohnung-deiningen.de\/wp-content\/uploads\/2022\/06\/wlan-150x150.png 150w\" sizes=\"(max-width: 174px) 100vw, 174px\" \/><\/figure>\n<\/div>\n<\/div>\n\n\n\n<div class=\"wp-container-7 wp-block-group\"><div class=\"wp-block-group__inner-container\">\n<div class=\"wp-container-6 wp-block-columns\">\n<div class=\"wp-container-5 wp-block-column\" style=\"flex-basis:100%\">\n<p><strong>Download   <a href=\"https:\/\/ferienwohnung-deiningen.de\/wp-content\/uploads\/2022\/10\/FeWo_Prospekt_2022_comp.pdf\">Flyer_Ferienwohnung<\/a><\/strong><\/p>\n<\/div>\n<\/div>\n<\/div><\/div>\n","protected":false},"excerpt":{"rendered":"<p>Die Ferienwohnung Margit befindet sich im Obergescho\u00df eines Zweifamilienhauses. Es stehen Ihnen ca. 90 m\u00b2 mit 3 Schlafr\u00e4umen zur Verf\u00fcgung. Eine Bewertung mit 3 Sternen &hellip; <\/p>\n","protected":false},"author":1,"featured_media":0,"parent":0,"menu_order":0,"comment_status":"closed","ping_status":"closed","template":"","meta":[],"_links":{"self":[{"href":"https:\/\/ferienwohnung-deiningen.de\/index.php?rest_route=\/wp\/v2\/pages\/14"}],"collection":[{"href":"https:\/\/ferienwohnung-deiningen.de\/index.php?rest_route=\/wp\/v2\/pages"}],"about":[{"href":"https:\/\/ferienwohnung-deiningen.de\/index.php?rest_route=\/wp\/v2\/types\/page"}],"author":[{"embeddable":true,"href":"https:\/\/ferienwohnung-deiningen.de\/index.php?rest_route=\/wp\/v2\/users\/1"}],"replies":[{"embeddable":true,"href":"https:\/\/ferienwohnung-deiningen.de\/index.php?rest_route=%2Fwp%2Fv2%2Fcomments&post=14"}],"version-history":[{"count":7,"href":"https:\/\/ferienwohnung-deiningen.de\/index.php?rest_route=\/wp\/v2\/pages\/14\/revisions"}],"predecessor-version":[{"id":298,"href":"https:\/\/ferienwohnung-deiningen.de\/index.php?rest_route=\/wp\/v2\/pages\/14\/revisions\/298"}],"wp:attachment":[{"href":"https:\/\/ferienwohnung-deiningen.de\/index.php?rest_route=%2Fwp%2Fv2%2Fmedia&parent=14"}],"curies":[{"name":"wp","href":"https:\/\/api.w.org\/{rel}","templated":true}]}}